{"id":12836,"date":"2026-01-05T17:26:10","date_gmt":"2026-01-05T16:26:10","guid":{"rendered":"https:\/\/botnation.ai\/?page_id=12836"},"modified":"2026-04-03T15:54:14","modified_gmt":"2026-04-03T13:54:14","slug":"contact","status":"publish","type":"page","link":"https:\/\/botnation.ai\/fr\/contact\/","title":{"rendered":"Contact"},"content":{"rendered":"<div data-elementor-type=\"wp-page\" data-elementor-id=\"12836\" class=\"elementor elementor-12836\" data-elementor-post-type=\"page\">\n\t\t\t\t<div class=\"elementor-element elementor-element-1bd7dd3 e-flex e-con-boxed e-con e-parent\" data-id=\"1bd7dd3\" data-element_type=\"container\" data-e-type=\"container\" data-settings='{\"background_background\":\"classic\"}'>\n\t\t\t\t\t<div class=\"e-con-inner\">\n\t\t<div class=\"elementor-element elementor-element-36571f2 e-con-full e-flex e-con e-child\" data-id=\"36571f2\" data-element_type=\"container\" data-e-type=\"container\" data-settings='{\"background_background\":\"classic\",\"position\":\"absolute\",\"shape_divider_bottom\":\"curve\",\"shape_divider_bottom_negative\":\"yes\"}'>\n\t\t\t\t<div class=\"elementor-shape elementor-shape-bottom\" aria-hidden=\"true\" data-negative=\"true\">\n\t\t\t<svg xmlns=\"http:\/\/www.w3.org\/2000\/svg\" viewbox=\"0 0 1000 100\" preserveaspectratio=\"none\">\n\t<path class=\"elementor-shape-fill\" d=\"M500,97C126.7,96.3,0.8,19.8,0,0v100l1000,0V1C1000,19.4,873.3,97.8,500,97z\"><\/path>\n<\/svg>\t\t<\/div>\n\t\t\t\t<\/div>\n\t\t<div class=\"elementor-element elementor-element-7d421e2 e-con-full e-flex e-con e-child\" data-id=\"7d421e2\" data-element_type=\"container\" data-e-type=\"container\">\n\t\t\t\t<div class=\"elementor-element elementor-element-b7aea6f elementor-widget__width-initial elementor-widget-tablet__width-initial elementor-widget elementor-widget-hub_fancy_heading\" data-id=\"b7aea6f\" data-element_type=\"widget\" data-e-type=\"widget\" data-widget_type=\"hub_fancy_heading.default\">\n\t\t\t\t<div class=\"elementor-widget-container\">\n\t\t\t\t\t\n\t\t<div id=\"ld-fancy-heading-69d7aa1092287\" class=\"ld-fancy-heading pos-rel\">\n\t\t\t<h1 class=\"ld-fh-element d-inline-block pos-rel  elementor-heading-title lqd-highlight-classic lqd-highlight-grow-left h1\"> Contact<\/h1>\t\t<\/div>\n\n\t\t\t\t\t\t<\/div>\n\t\t\t\t<\/div>\n\t\t\t\t<div class=\"elementor-element elementor-element-32d5f95 elementor-widget elementor-widget-text-editor\" data-id=\"32d5f95\" data-element_type=\"widget\" data-e-type=\"widget\" data-widget_type=\"text-editor.default\">\n\t\t\t\t\t\t\t\t\t<div>Nos <a href=\"https:\/\/botnation.ai\/fr\" data-wplink-edit=\"true\">Experts en cr\u00e9ation de chatbot<\/a> sont \u00e9galement disponibles en ligne directement sur l\u2019interface.<\/div><div>Connectez-vous vous pour discuter instantan\u00e9ment avec eux !<\/div>\t\t\t\t\t\t\t\t<\/div>\n\t\t\t\t<\/div>\n\t\t<div class=\"elementor-element elementor-element-96b61c0 e-con-full e-flex e-con e-child\" data-id=\"96b61c0\" data-element_type=\"container\" data-e-type=\"container\">\n\t\t<div class=\"elementor-element elementor-element-f779d9f e-con-full e-flex e-con e-child\" data-id=\"f779d9f\" data-element_type=\"container\" data-e-type=\"container\">\n\t\t\t\t<div class=\"elementor-element elementor-element-f8c724c elementor-widget elementor-widget-html\" data-id=\"f8c724c\" data-element_type=\"widget\" data-e-type=\"widget\" data-widget_type=\"html.default\">\n\t\t\t\t\t<iframe aria-label=\"\u00c9crivez-nous, nous vous r\u00e9pondrons rapidement ! \" frameborder=\"0\" style=\"height:950px;width:99%;border:none;\" src=\"https:\/\/forms.zohopublic.eu\/botnationai1\/form\/FormulaireContactFRNOUVEAUSITE\/formperma\/8wKzCB12a7Lf8YCxCacSVGfG5KPT-Cmx1hFIlxEKKVo\"><\/iframe>\n\t\t\t\t<\/div>\n\t\t\t\t<\/div>\n\t\t<div class=\"elementor-element elementor-element-7106e5d e-con-full e-flex e-con e-child\" data-id=\"7106e5d\" data-element_type=\"container\" data-e-type=\"container\">\n\t\t\t\t<div class=\"elementor-element elementor-element-7b77560 elementor-widget elementor-widget-heading\" data-id=\"7b77560\" data-element_type=\"widget\" data-e-type=\"widget\" data-widget_type=\"heading.default\">\n\t\t\t\t\t<h2 class=\"elementor-heading-title elementor-size-default\">T\u00e9l\u00e9phone<\/h2>\t\t\t\t<\/div>\n\t\t\t\t<div class=\"elementor-element elementor-element-7ed6977 elementor-widget elementor-widget-text-editor\" data-id=\"7ed6977\" data-element_type=\"widget\" data-e-type=\"widget\" data-widget_type=\"text-editor.default\">\n\t\t\t\t\t\t\t\t\t<p>09 74 59 58 72 (non surtax\u00e9) \u00e0 partir de la France<br>+33 9 74 59 58 72 \u00e0 partir de l\u2019\u00e9tranger<\/p>\t\t\t\t\t\t\t\t<\/div>\n\t\t\t\t<div class=\"elementor-element elementor-element-6b07413 elementor-widget elementor-widget-heading\" data-id=\"6b07413\" data-element_type=\"widget\" data-e-type=\"widget\" data-widget_type=\"heading.default\">\n\t\t\t\t\t<h2 class=\"elementor-heading-title elementor-size-default\">Coordonn\u00e9es<\/h2>\t\t\t\t<\/div>\n\t\t\t\t<div class=\"elementor-element elementor-element-15f2fb4 elementor-widget elementor-widget-text-editor\" data-id=\"15f2fb4\" data-element_type=\"widget\" data-e-type=\"widget\" data-widget_type=\"text-editor.default\">\n\t\t\t\t\t\t\t\t\t<p>BOTNATION AI<br>366 Ter rue de Vaugirard<br>75015 PARIS, FRANCE<\/p>\t\t\t\t\t\t\t\t<\/div>\n\t\t\t\t<div class=\"elementor-element elementor-element-7a578c3 elementor-widget elementor-widget-image\" data-id=\"7a578c3\" data-element_type=\"widget\" data-e-type=\"widget\" data-widget_type=\"image.default\">\n\t\t\t\t\t\t\t\t\t\t\t\t\t\t\t<img fetchpriority=\"high\" decoding=\"async\" width=\"672\" height=\"984\" src=\"https:\/\/botnation.ai\/wp-content\/uploads\/2026\/02\/botnation-secteur-hotellerie-restauration-food.png.webp\" class=\"attachment-large size-large wp-image-18173\" alt=\"botnation-secteur-hotellerie-restauration-food\" srcset=\"https:\/\/botnation.ai\/wp-content\/uploads\/2026\/02\/botnation-secteur-hotellerie-restauration-food.png.webp 672w, https:\/\/botnation.ai\/wp-content\/uploads\/2026\/02\/botnation-secteur-hotellerie-restauration-food-205x300.png.webp 205w, https:\/\/botnation.ai\/wp-content\/uploads\/2026\/02\/botnation-secteur-hotellerie-restauration-food.png-16x24.webp 16w, https:\/\/botnation.ai\/wp-content\/uploads\/2026\/02\/botnation-secteur-hotellerie-restauration-food.png-25x36.webp 25w, https:\/\/botnation.ai\/wp-content\/uploads\/2026\/02\/botnation-secteur-hotellerie-restauration-food.png-33x48.webp 33w\" sizes=\"(max-width: 672px) 100vw, 672px\">\t\t\t\t\t\t\t\t\t\t\t\t\t\t\t<\/div>\n\t\t\t\t<\/div>\n\t\t\t\t<\/div>\n\t\t\t\t\t<\/div>\n\t\t\t\t<\/div>\n\t\t\t\t<\/div>\n\t\t","protected":false},"excerpt":{"rendered":"<p>Contact Nos Experts en cr\u00e9ation de chatbot sont \u00e9galement disponibles en ligne directement sur l&rsquo;interface.Connectez-vous vous pour discuter instantan\u00e9ment avec eux ! T\u00e9l\u00e9phone 09 74 59 58 72 (non surtax\u00e9) \u00e0 partir de la France+33 9 74 59 58 72 \u00e0 partir de l&rsquo;\u00e9tranger Coordonn\u00e9es BOTNATION AI366 Ter rue de Vaugirard75015 PARIS, FRANCE<\/p>\n","protected":false},"author":1,"featured_media":0,"parent":0,"menu_order":0,"comment_status":"closed","ping_status":"closed","template":"","meta":{"_acf_changed":false,"footnotes":""},"class_list":["post-12836","page","type-page","status-publish","hentry"],"acf":[],"_links":{"self":[{"href":"https:\/\/botnation.ai\/fr\/wp-json\/wp\/v2\/pages\/12836","targetHints":{"allow":["GET"]}}],"collection":[{"href":"https:\/\/botnation.ai\/fr\/wp-json\/wp\/v2\/pages"}],"about":[{"href":"https:\/\/botnation.ai\/fr\/wp-json\/wp\/v2\/types\/page"}],"author":[{"embeddable":true,"href":"https:\/\/botnation.ai\/fr\/wp-json\/wp\/v2\/users\/1"}],"replies":[{"embeddable":true,"href":"https:\/\/botnation.ai\/fr\/wp-json\/wp\/v2\/comments?post=12836"}],"version-history":[{"count":3,"href":"https:\/\/botnation.ai\/fr\/wp-json\/wp\/v2\/pages\/12836\/revisions"}],"predecessor-version":[{"id":28840,"href":"https:\/\/botnation.ai\/fr\/wp-json\/wp\/v2\/pages\/12836\/revisions\/28840"}],"wp:attachment":[{"href":"https:\/\/botnation.ai\/fr\/wp-json\/wp\/v2\/media?parent=12836"}],"curies":[{"name":"wp","href":"https:\/\/api.w.org\/{rel}","templated":true}]}}