{"id":12839,"date":"2026-01-05T17:27:02","date_gmt":"2026-01-05T16:27:02","guid":{"rendered":"https:\/\/botnation.ai\/?page_id=12839"},"modified":"2026-03-09T19:26:49","modified_gmt":"2026-03-09T18:26:49","slug":"demonstrations","status":"publish","type":"page","link":"https:\/\/botnation.ai\/fr\/demonstrations\/","title":{"rendered":"D\u00e9monstrations"},"content":{"rendered":"<div data-elementor-type=\"wp-page\" data-elementor-id=\"12839\" class=\"elementor elementor-12839\" data-elementor-post-type=\"page\">\n\t\t\t\t<div class=\"elementor-element elementor-element-1bd7dd3 e-flex e-con-boxed e-con e-parent\" data-id=\"1bd7dd3\" data-element_type=\"container\" data-e-type=\"container\" data-settings='{\"background_background\":\"classic\"}'>\n\t\t\t\t\t<div class=\"e-con-inner\">\n\t\t<div class=\"elementor-element elementor-element-56eb0f8 e-con-full e-flex e-con e-child\" data-id=\"56eb0f8\" data-element_type=\"container\" data-e-type=\"container\" data-settings='{\"background_background\":\"classic\",\"position\":\"absolute\",\"shape_divider_bottom\":\"curve\",\"shape_divider_bottom_negative\":\"yes\"}'>\n\t\t\t\t<div class=\"elementor-shape elementor-shape-bottom\" aria-hidden=\"true\" data-negative=\"true\">\n\t\t\t<svg xmlns=\"http:\/\/www.w3.org\/2000\/svg\" viewbox=\"0 0 1000 100\" preserveaspectratio=\"none\">\n\t<path class=\"elementor-shape-fill\" d=\"M500,97C126.7,96.3,0.8,19.8,0,0v100l1000,0V1C1000,19.4,873.3,97.8,500,97z\"><\/path>\n<\/svg>\t\t<\/div>\n\t\t\t\t<\/div>\n\t\t<div class=\"elementor-element elementor-element-94f576f e-con-full e-flex e-con e-child\" data-id=\"94f576f\" data-element_type=\"container\" data-e-type=\"container\">\n\t\t\t\t<div class=\"elementor-element elementor-element-29b4352 elementor-widget elementor-widget-hub_fancy_heading\" data-id=\"29b4352\" data-element_type=\"widget\" data-e-type=\"widget\" data-widget_type=\"hub_fancy_heading.default\">\n\t\t\t\t<div class=\"elementor-widget-container\">\n\t\t\t\t\t\n\t\t<div id=\"ld-fancy-heading-69d67bd32a3f9\" class=\"ld-fancy-heading pos-rel\">\n\t\t\t<h1 class=\"ld-fh-element d-inline-block pos-rel  elementor-heading-title lqd-highlight-classic lqd-highlight-grow-left h1\"> Chatbots de d\u00e9monstration<\/h1>\t\t<\/div>\n\n\t\t\t\t\t\t<\/div>\n\t\t\t\t<\/div>\n\t\t\t\t<div class=\"elementor-element elementor-element-105c77f elementor-widget__width-initial elementor-widget elementor-widget-hub_fancy_heading\" data-id=\"105c77f\" data-element_type=\"widget\" data-e-type=\"widget\" data-widget_type=\"hub_fancy_heading.default\">\n\t\t\t\t<div class=\"elementor-widget-container\">\n\t\t\t\t\t\n\t\t<div id=\"ld-fancy-heading-69d67bd32ad22\" class=\"ld-fancy-heading pos-rel\">\n\t\t\t<h2 class=\"ld-fh-element d-inline-block pos-rel  elementor-heading-title lqd-highlight-classic lqd-highlight-grow-left h2\"> Ces exemples sont disponibles en tant que gabarits sur notre plateforme. Et pour vous simplifier encore mieux la t\u00e2che dans la cr\u00e9ation de votre chatbot, tous nos mod\u00e8les sont expliqu\u00e9s de mani\u00e8re interactive et comportent de nombreux commentaires.<\/h2>\t\t<\/div>\n\n\t\t\t\t\t\t<\/div>\n\t\t\t\t<\/div>\n\t\t\t\t<\/div>\n\t\t<div class=\"elementor-element elementor-element-6e381ba e-con-full e-flex e-con e-child\" data-id=\"6e381ba\" data-element_type=\"container\" data-e-type=\"container\">\n\t\t<div data-custom-animations=\"true\" data-ca-options='{\"addChildTimelines\":false,\"trigger\":\"firstChild\",\"animationTarget\":\":scope  &gt; .elementor-element:not(.lqd-exclude-parent-ca) &gt; .elementor-widget-container, :scope  &gt; .elementor-widget-hub_fancy_heading .lqd-split-lines .lqd-lines .split-inner, :scope  &gt; .elementor-widget-hub_fancy_heading .lqd-split-words .lqd-words .split-inner, :scope  &gt; .elementor-widget-hub_fancy_heading .lqd-split-chars .lqd-chars .split-inner, :scope  &gt; .elementor-widget-hub_fancy_heading .lqd-adv-txt-fig, :scope  &gt; .elementor-widget-ld_custom_menu .lqd-fancy-menu &gt; ul &gt; li\",\"duration\":1000,\"delay\":75,\"ease\":[\"power4.out\"],\"initValues\":{\"scaleX\":0,\"scaleY\":0,\"opacity\":0,\"transformOrigin\":\"50% 50% 0px\"},\"animations\":{\"scaleX\":1,\"scaleY\":1,\"opacity\":1,\"transformOrigin\":\"50% 50% 0px\"}}' class=\"elementor-element elementor-element-57347fa e-con-full e-grid e-con e-child\" data-id=\"57347fa\" data-element_type=\"container\" data-e-type=\"container\">\n\t\t<div class=\"elementor-element elementor-element-e0f2d6f e-con-full e-flex e-con e-child\" data-id=\"e0f2d6f\" data-element_type=\"container\" data-e-type=\"container\">\n\t\t\t\t<div class=\"elementor-element elementor-element-cebfd86 elementor-align-center elementor-widget elementor-widget-ld_icon_box\" data-id=\"cebfd86\" data-element_type=\"widget\" data-e-type=\"widget\" data-widget_type=\"ld_icon_box.default\">\n\t\t\t\t<div class=\"elementor-widget-container\">\n\t\t\t\t\t\n\t\t\t<div id=\"ld_icon_box_cebfd86\" class=\"iconbox d-flex flex-grow-1 pos-rel flex-column iconbox-default\">\n\n\t\t\t\t\n\t\t\t\t<div class=\"iconbox-icon-wrap  \"><div class=\"iconbox-icon-container d-inline-flex   \"><i aria-hidden=\"true\" class=\"user user-user-man-love\"><\/i><\/div><\/div>\n\t\t\t\t\n\t\t\t\t<div class=\"contents \">\n\t\t\t\t\n\t\t\t\t<h3 class=\"lqd-iconbox-heading \">Collecte de leads <\/h3>\t\t\t\t<p>Un chatbot formulaire qui vous envoie un email une fois le lead collect\u00e9. Ce gabarit comporte les champs les plus usuels. Libre \u00e0 vous d\u2019ajouter ou d\u2019enlever des questions selon vos besoins.<\/p>\n\t\t\t\t\t\t\t\t<a href=\"https:\/\/www.messenger.com\/t\/104724047906192\" target=\"_blank\" rel=\"nofollow noopener\" class=\"elementor-button btn ws-nowrap btn-solid btn-icon-shaped btn-has-label\">\n\t\t\t\t\t\t\t\t\t\t\t<span class=\"btn-txt\" data-text=\"D\u00e9mo Facebook messenger\">D\u00e9mo Facebook messenger<\/span>\n\t\t\t\t\t\t\t\t\t\t\t\t\t\t<\/a>\n\n\t\t\t\t\n\t\t\t\t<\/div>\n\t\t\t\t\n\t\t\t<\/div>\n\n\t\t\t\t\t\t<\/div>\n\t\t\t\t<\/div>\n\t\t\t\t<div class=\"elementor-element elementor-element-a1e8dfd elementor-align-center elementor-widget elementor-widget-ld_button\" data-id=\"a1e8dfd\" data-element_type=\"widget\" data-e-type=\"widget\" data-widget_type=\"ld_button.default\">\n\t\t\t\t<div class=\"elementor-widget-container\">\n\t\t\t\t\t\n\t\t\t<a href=\"\/fr\/demo\/?bot=leads_FR\" target=\"_blank\" class=\"elementor-button btn btn-solid btn-icon-shaped btn-has-label\">\n\t\t\t\t\t\t\t\t\t<span data-text=\"D\u00e9mo Chatbot Web\" class=\"btn-txt\">\n\t\t\t\t\t\tD\u00e9mo Chatbot Web\t\t\t\t\t<\/span>\n\t\t\t\t\t\t\t\t\t\t\t<\/a>\n\t\t\t\t\t\t\t<\/div>\n\t\t\t\t<\/div>\n\t\t\t\t<\/div>\n\t\t<div class=\"elementor-element elementor-element-7d80bbb e-con-full e-flex e-con e-child\" data-id=\"7d80bbb\" data-element_type=\"container\" data-e-type=\"container\">\n\t\t\t\t<div class=\"elementor-element elementor-element-6edc76f elementor-align-center elementor-widget elementor-widget-ld_icon_box\" data-id=\"6edc76f\" data-element_type=\"widget\" data-e-type=\"widget\" data-widget_type=\"ld_icon_box.default\">\n\t\t\t\t<div class=\"elementor-widget-container\">\n\t\t\t\t\t\n\t\t\t<div id=\"ld_icon_box_6edc76f\" class=\"iconbox d-flex flex-grow-1 pos-rel flex-column iconbox-default\">\n\n\t\t\t\t\n\t\t\t\t<div class=\"iconbox-icon-wrap  \"><div class=\"iconbox-icon-container d-inline-flex   \"><i aria-hidden=\"true\" class=\"email email-email-envelope-close\"><\/i><\/div><\/div>\n\t\t\t\t\n\t\t\t\t<div class=\"contents \">\n\t\t\t\t\n\t\t\t\t<h3 class=\"lqd-iconbox-heading \">Contactez-nous <\/h3>\t\t\t\t<p>Un chatbot r\u00e9pondeur qui propose divers moyens de vous contacter : prise de message texte, tchat en live et appel t\u00e9l\u00e9phonique. Et le tout est param\u00e9trable selon vos disponibilit\u00e9s.<\/p>\n\t\t\t\t\t\t\t\t<a href=\"https:\/\/www.messenger.com\/t\/114836200217948\" target=\"_blank\" rel=\"nofollow noopener\" class=\"elementor-button btn ws-nowrap btn-solid btn-icon-shaped btn-has-label\">\n\t\t\t\t\t\t\t\t\t\t\t<span class=\"btn-txt\" data-text=\"D\u00e9mo Facebook messenger\">D\u00e9mo Facebook messenger<\/span>\n\t\t\t\t\t\t\t\t\t\t\t\t\t\t<\/a>\n\n\t\t\t\t\n\t\t\t\t<\/div>\n\t\t\t\t\n\t\t\t<\/div>\n\n\t\t\t\t\t\t<\/div>\n\t\t\t\t<\/div>\n\t\t\t\t<div class=\"elementor-element elementor-element-381a053 elementor-align-center elementor-widget elementor-widget-ld_button\" data-id=\"381a053\" data-element_type=\"widget\" data-e-type=\"widget\" data-widget_type=\"ld_button.default\">\n\t\t\t\t<div class=\"elementor-widget-container\">\n\t\t\t\t\t\n\t\t\t<a href=\"\/fr\/demo\/?bot=contact_FR\" target=\"_blank\" class=\"elementor-button btn btn-solid btn-icon-shaped btn-has-label\">\n\t\t\t\t\t\t\t\t\t<span data-text=\"D\u00e9mo Chatbot Web\" class=\"btn-txt\">\n\t\t\t\t\t\tD\u00e9mo Chatbot Web\t\t\t\t\t<\/span>\n\t\t\t\t\t\t\t\t\t\t\t<\/a>\n\t\t\t\t\t\t\t<\/div>\n\t\t\t\t<\/div>\n\t\t\t\t<\/div>\n\t\t<div class=\"elementor-element elementor-element-24c7e7d e-con-full e-flex e-con e-child\" data-id=\"24c7e7d\" data-element_type=\"container\" data-e-type=\"container\">\n\t\t\t\t<div class=\"elementor-element elementor-element-ecf45e1 elementor-align-center elementor-widget elementor-widget-ld_icon_box\" data-id=\"ecf45e1\" data-element_type=\"widget\" data-e-type=\"widget\" data-widget_type=\"ld_icon_box.default\">\n\t\t\t\t<div class=\"elementor-widget-container\">\n\t\t\t\t\t\n\t\t\t<div id=\"ld_icon_box_ecf45e1\" class=\"iconbox d-flex flex-grow-1 pos-rel flex-column iconbox-default\">\n\n\t\t\t\t\n\t\t\t\t<div class=\"iconbox-icon-wrap  \"><div class=\"iconbox-icon-container d-inline-flex   \"><i aria-hidden=\"true\" class=\"interface interface-interface-essential-call-center-contact-help\"><\/i><\/div><\/div>\n\t\t\t\t\n\t\t\t\t<div class=\"contents \">\n\t\t\t\t\n\t\t\t\t<h3 class=\"lqd-iconbox-heading \">Service client <\/h3>\t\t\t\t<p>Un chatbot complet avec une structure classique que vous pouvez adapter facilement \u00e0 votre entreprise : Fonctionnalit\u00e9s, Tarifs, Promo, FAQ et Contact.<\/p>\n\t\t\t\t\t\t\t\t<a href=\"https:\/\/www.messenger.com\/t\/107328700975738\" target=\"_blank\" rel=\"nofollow noopener\" class=\"elementor-button btn ws-nowrap btn-solid btn-icon-shaped btn-has-label\">\n\t\t\t\t\t\t\t\t\t\t\t<span class=\"btn-txt\" data-text=\"D\u00e9mo Facebook messenger\">D\u00e9mo Facebook messenger<\/span>\n\t\t\t\t\t\t\t\t\t\t\t\t\t\t<\/a>\n\n\t\t\t\t\n\t\t\t\t<\/div>\n\t\t\t\t\n\t\t\t<\/div>\n\n\t\t\t\t\t\t<\/div>\n\t\t\t\t<\/div>\n\t\t\t\t<div class=\"elementor-element elementor-element-bba4961 elementor-align-center elementor-widget elementor-widget-ld_button\" data-id=\"bba4961\" data-element_type=\"widget\" data-e-type=\"widget\" data-widget_type=\"ld_button.default\">\n\t\t\t\t<div class=\"elementor-widget-container\">\n\t\t\t\t\t\n\t\t\t<a href=\"\/fr\/demo\/?bot=client_FR\" target=\"_blank\" class=\"elementor-button btn btn-solid btn-icon-shaped btn-has-label\">\n\t\t\t\t\t\t\t\t\t<span data-text=\"D\u00e9mo Chatbot Web\" class=\"btn-txt\">\n\t\t\t\t\t\tD\u00e9mo Chatbot Web\t\t\t\t\t<\/span>\n\t\t\t\t\t\t\t\t\t\t\t<\/a>\n\t\t\t\t\t\t\t<\/div>\n\t\t\t\t<\/div>\n\t\t\t\t<\/div>\n\t\t<div class=\"elementor-element elementor-element-91616fd e-con-full e-flex e-con e-child\" data-id=\"91616fd\" data-element_type=\"container\" data-e-type=\"container\">\n\t\t\t\t<div class=\"elementor-element elementor-element-d2e0c9b elementor-align-center elementor-widget elementor-widget-ld_icon_box\" data-id=\"d2e0c9b\" data-element_type=\"widget\" data-e-type=\"widget\" data-widget_type=\"ld_icon_box.default\">\n\t\t\t\t<div class=\"elementor-widget-container\">\n\t\t\t\t\t\n\t\t\t<div id=\"ld_icon_box_d2e0c9b\" class=\"iconbox d-flex flex-grow-1 pos-rel flex-column iconbox-default\">\n\n\t\t\t\t\n\t\t\t\t<div class=\"iconbox-icon-wrap  \"><div class=\"iconbox-icon-container d-inline-flex   \"><i aria-hidden=\"true\" class=\"coding coding-content-files-draw-content\"><\/i><\/div><\/div>\n\t\t\t\t\n\t\t\t\t<div class=\"contents \">\n\t\t\t\t\n\t\t\t\t<h3 class=\"lqd-iconbox-heading \">Enqu\u00eate de satisfaction <\/h3>\t\t\t\t<p>Un chatbot questionnaire qui utilise la fonctionnalit\u00e9 \"Sondage\" de Botnation. Vous pourrez donc voir les r\u00e9sultats en temps r\u00e9el sous forme de graphiques.<br><br><\/p>\n\t\t\t\t\t\t\t\t<a href=\"https:\/\/www.messenger.com\/t\/113773336991246\" target=\"_blank\" rel=\"nofollow noopener\" class=\"elementor-button btn ws-nowrap btn-solid btn-icon-shaped btn-has-label\">\n\t\t\t\t\t\t\t\t\t\t\t<span class=\"btn-txt\" data-text=\"D\u00e9mo Facebook messenger\">D\u00e9mo Facebook messenger<\/span>\n\t\t\t\t\t\t\t\t\t\t\t\t\t\t<\/a>\n\n\t\t\t\t\n\t\t\t\t<\/div>\n\t\t\t\t\n\t\t\t<\/div>\n\n\t\t\t\t\t\t<\/div>\n\t\t\t\t<\/div>\n\t\t\t\t<div class=\"elementor-element elementor-element-2fbc4fd elementor-align-center elementor-widget elementor-widget-ld_button\" data-id=\"2fbc4fd\" data-element_type=\"widget\" data-e-type=\"widget\" data-widget_type=\"ld_button.default\">\n\t\t\t\t<div class=\"elementor-widget-container\">\n\t\t\t\t\t\n\t\t\t<a href=\"\/fr\/demo\/?bot=survey_FR\" target=\"_blank\" class=\"elementor-button btn btn-solid btn-icon-shaped btn-has-label\">\n\t\t\t\t\t\t\t\t\t<span data-text=\"D\u00e9mo Chatbot Web\" class=\"btn-txt\">\n\t\t\t\t\t\tD\u00e9mo Chatbot Web\t\t\t\t\t<\/span>\n\t\t\t\t\t\t\t\t\t\t\t<\/a>\n\t\t\t\t\t\t\t<\/div>\n\t\t\t\t<\/div>\n\t\t\t\t<\/div>\n\t\t<div class=\"elementor-element elementor-element-9f3cc23 e-con-full e-flex e-con e-child\" data-id=\"9f3cc23\" data-element_type=\"container\" data-e-type=\"container\">\n\t\t\t\t<div class=\"elementor-element elementor-element-144d80d elementor-align-center elementor-widget elementor-widget-ld_icon_box\" data-id=\"144d80d\" data-element_type=\"widget\" data-e-type=\"widget\" data-widget_type=\"ld_icon_box.default\">\n\t\t\t\t<div class=\"elementor-widget-container\">\n\t\t\t\t\t\n\t\t\t<div id=\"ld_icon_box_144d80d\" class=\"iconbox d-flex flex-grow-1 pos-rel flex-column iconbox-default\">\n\n\t\t\t\t\n\t\t\t\t<div class=\"iconbox-icon-wrap  \"><div class=\"iconbox-icon-container d-inline-flex   \"><i aria-hidden=\"true\" class=\"food food-food-drink-pizza\"><\/i><\/div><\/div>\n\t\t\t\t\n\t\t\t\t<div class=\"contents \">\n\t\t\t\t\n\t\t\t\t<h3 class=\"lqd-iconbox-heading \">Restaurant <\/h3>\t\t\t\t<p>Un chatbot pour votre restaurant : horaires, adresse, menus et galerie de photos. Vous n\u2019avez qu\u2019\u00e0 mettre vos informations dans une sorte de formulaire et le chatbot se cr\u00e9era tout seul\u00a0!<\/p>\n\t\t\t\t\t\t\t\t<a href=\"https:\/\/www.messenger.com\/t\/103800634666626\" target=\"_blank\" rel=\"nofollow noopener\" class=\"elementor-button btn ws-nowrap btn-solid btn-icon-shaped btn-has-label\">\n\t\t\t\t\t\t\t\t\t\t\t<span class=\"btn-txt\" data-text=\"D\u00e9mo Facebook messenger\">D\u00e9mo Facebook messenger<\/span>\n\t\t\t\t\t\t\t\t\t\t\t\t\t\t<\/a>\n\n\t\t\t\t\n\t\t\t\t<\/div>\n\t\t\t\t\n\t\t\t<\/div>\n\n\t\t\t\t\t\t<\/div>\n\t\t\t\t<\/div>\n\t\t\t\t<div class=\"elementor-element elementor-element-5187082 elementor-align-center elementor-widget elementor-widget-ld_button\" data-id=\"5187082\" data-element_type=\"widget\" data-e-type=\"widget\" data-widget_type=\"ld_button.default\">\n\t\t\t\t<div class=\"elementor-widget-container\">\n\t\t\t\t\t\n\t\t\t<a href=\"\/fr\/demo\/?bot=resto_FR\" target=\"_blank\" class=\"elementor-button btn btn-solid btn-icon-shaped btn-has-label\">\n\t\t\t\t\t\t\t\t\t<span data-text=\"D\u00e9mo Chatbot Web\" class=\"btn-txt\">\n\t\t\t\t\t\tD\u00e9mo Chatbot Web\t\t\t\t\t<\/span>\n\t\t\t\t\t\t\t\t\t\t\t<\/a>\n\t\t\t\t\t\t\t<\/div>\n\t\t\t\t<\/div>\n\t\t\t\t<\/div>\n\t\t<div class=\"elementor-element elementor-element-292a32b e-con-full e-flex e-con e-child\" data-id=\"292a32b\" data-element_type=\"container\" data-e-type=\"container\">\n\t\t\t\t<div class=\"elementor-element elementor-element-a0c1ccb elementor-align-center elementor-widget elementor-widget-ld_icon_box\" data-id=\"a0c1ccb\" data-element_type=\"widget\" data-e-type=\"widget\" data-widget_type=\"ld_icon_box.default\">\n\t\t\t\t<div class=\"elementor-widget-container\">\n\t\t\t\t\t\n\t\t\t<div id=\"ld_icon_box_a0c1ccb\" class=\"iconbox d-flex flex-grow-1 pos-rel flex-column iconbox-default\">\n\n\t\t\t\t\n\t\t\t\t<div class=\"iconbox-icon-wrap  \"><div class=\"iconbox-icon-container d-inline-flex   \"><i aria-hidden=\"true\" class=\"building building-real-estate-building-house\"><\/i><\/div><\/div>\n\t\t\t\t\n\t\t\t\t<div class=\"contents \">\n\t\t\t\t\n\t\t\t\t<h3 class=\"lqd-iconbox-heading \">Agence immobili\u00e8re <\/h3>\t\t\t\t<p>Un chatbot pour votre agence dans lequel vous pourrez mettre une s\u00e9lection de vos offres class\u00e9es selon le type de bien (appartement\/maison) et la nature de la recherche (achat\/vente).<br><br><\/p>\n\t\t\t\t\t\t\t\t<a href=\"https:\/\/www.messenger.com\/t\/111190120584733\" target=\"_blank\" rel=\"nofollow noopener\" class=\"elementor-button btn ws-nowrap btn-solid btn-icon-shaped btn-has-label\">\n\t\t\t\t\t\t\t\t\t\t\t<span class=\"btn-txt\" data-text=\"D\u00e9mo Facebook messenger\">D\u00e9mo Facebook messenger<\/span>\n\t\t\t\t\t\t\t\t\t\t\t\t\t\t<\/a>\n\n\t\t\t\t\n\t\t\t\t<\/div>\n\t\t\t\t\n\t\t\t<\/div>\n\n\t\t\t\t\t\t<\/div>\n\t\t\t\t<\/div>\n\t\t\t\t<div class=\"elementor-element elementor-element-dd14221 elementor-align-center elementor-widget elementor-widget-ld_button\" data-id=\"dd14221\" data-element_type=\"widget\" data-e-type=\"widget\" data-widget_type=\"ld_button.default\">\n\t\t\t\t<div class=\"elementor-widget-container\">\n\t\t\t\t\t\n\t\t\t<a href=\"\/fr\/demo\/?bot=immo_FR\" target=\"_blank\" class=\"elementor-button btn btn-solid btn-icon-shaped btn-has-label\">\n\t\t\t\t\t\t\t\t\t<span data-text=\"D\u00e9mo Chatbot Web\" class=\"btn-txt\">\n\t\t\t\t\t\tD\u00e9mo Chatbot Web\t\t\t\t\t<\/span>\n\t\t\t\t\t\t\t\t\t\t\t<\/a>\n\t\t\t\t\t\t\t<\/div>\n\t\t\t\t<\/div>\n\t\t\t\t<\/div>\n\t\t<div class=\"elementor-element elementor-element-1a74b78 e-con-full e-flex e-con e-child\" data-id=\"1a74b78\" data-element_type=\"container\" data-e-type=\"container\">\n\t\t\t\t<div class=\"elementor-element elementor-element-5058b8c elementor-align-center elementor-widget elementor-widget-ld_icon_box\" data-id=\"5058b8c\" data-element_type=\"widget\" data-e-type=\"widget\" data-widget_type=\"ld_icon_box.default\">\n\t\t\t\t<div class=\"elementor-widget-container\">\n\t\t\t\t\t\n\t\t\t<div id=\"ld_icon_box_5058b8c\" class=\"iconbox d-flex flex-grow-1 pos-rel flex-column iconbox-default\">\n\n\t\t\t\t\n\t\t\t\t<div class=\"iconbox-icon-wrap  \"><div class=\"iconbox-icon-container d-inline-flex   \"><i aria-hidden=\"true\" class=\"shopping shopping-shopping-shipping-cart\"><\/i><\/div><\/div>\n\t\t\t\t\n\t\t\t\t<div class=\"contents \">\n\t\t\t\t\n\t\t\t\t<h3 class=\"lqd-iconbox-heading \">E-commerce <\/h3>\t\t\t\t<p>Un chatbot qui assiste l'utilisateur dans la recherche d'un cadeau parmi une s\u00e9lection des produits de votre site marchand.<br><br><br><\/p>\n\t\t\t\t\t\t\t\t<a href=\"https:\/\/www.messenger.com\/t\/106645391045042\" target=\"_blank\" rel=\"nofollow noopener\" class=\"elementor-button btn ws-nowrap btn-solid btn-icon-shaped btn-has-label\">\n\t\t\t\t\t\t\t\t\t\t\t<span class=\"btn-txt\" data-text=\"D\u00e9mo Facebook messenger\">D\u00e9mo Facebook messenger<\/span>\n\t\t\t\t\t\t\t\t\t\t\t\t\t\t<\/a>\n\n\t\t\t\t\n\t\t\t\t<\/div>\n\t\t\t\t\n\t\t\t<\/div>\n\n\t\t\t\t\t\t<\/div>\n\t\t\t\t<\/div>\n\t\t\t\t<div class=\"elementor-element elementor-element-10783cf elementor-align-center elementor-widget elementor-widget-ld_button\" data-id=\"10783cf\" data-element_type=\"widget\" data-e-type=\"widget\" data-widget_type=\"ld_button.default\">\n\t\t\t\t<div class=\"elementor-widget-container\">\n\t\t\t\t\t\n\t\t\t<a href=\"\/fr\/demo\/?bot=shop_FR\" target=\"_blank\" class=\"elementor-button btn btn-solid btn-icon-shaped btn-has-label\">\n\t\t\t\t\t\t\t\t\t<span data-text=\"D\u00e9mo Chatbot Web\" class=\"btn-txt\">\n\t\t\t\t\t\tD\u00e9mo Chatbot Web\t\t\t\t\t<\/span>\n\t\t\t\t\t\t\t\t\t\t\t<\/a>\n\t\t\t\t\t\t\t<\/div>\n\t\t\t\t<\/div>\n\t\t\t\t<\/div>\n\t\t<div class=\"elementor-element elementor-element-f08b898 e-con-full e-flex e-con e-child\" data-id=\"f08b898\" data-element_type=\"container\" data-e-type=\"container\">\n\t\t\t\t<div class=\"elementor-element elementor-element-da7831a elementor-align-center elementor-widget elementor-widget-ld_icon_box\" data-id=\"da7831a\" data-element_type=\"widget\" data-e-type=\"widget\" data-widget_type=\"ld_icon_box.default\">\n\t\t\t\t<div class=\"elementor-widget-container\">\n\t\t\t\t\t\n\t\t\t<div id=\"ld_icon_box_da7831a\" class=\"iconbox d-flex flex-grow-1 pos-rel flex-column iconbox-default\">\n\n\t\t\t\t\n\t\t\t\t<div class=\"iconbox-icon-wrap  \"><div class=\"iconbox-icon-container d-inline-flex   \"><i aria-hidden=\"true\" class=\"interface interface-interface-essential-question-help-square\"><\/i><\/div><\/div>\n\t\t\t\t\n\t\t\t\t<div class=\"contents \">\n\t\t\t\t\n\t\t\t\t<h3 class=\"lqd-iconbox-heading \">Quizz <\/h3>\t\t\t\t<p>Ce gabarit est un exemple de Quizz de 10 questions de culture g\u00e9n\u00e9rale. Le chatbot r\u00e9agira diff\u00e9remment selon le score de l\u2019utilisateur. Vous n\u2019avez qu\u2019\u00e0 changer les textes pour cr\u00e9er le v\u00f4tre.<br><br><\/p>\n\t\t\t\t\t\t\t\t<a href=\"https:\/\/www.messenger.com\/t\/107901264251116\" target=\"_blank\" rel=\"nofollow noopener\" class=\"elementor-button btn ws-nowrap btn-solid btn-icon-shaped btn-has-label\">\n\t\t\t\t\t\t\t\t\t\t\t<span class=\"btn-txt\" data-text=\"D\u00e9mo Facebook messenger\">D\u00e9mo Facebook messenger<\/span>\n\t\t\t\t\t\t\t\t\t\t\t\t\t\t<\/a>\n\n\t\t\t\t\n\t\t\t\t<\/div>\n\t\t\t\t\n\t\t\t<\/div>\n\n\t\t\t\t\t\t<\/div>\n\t\t\t\t<\/div>\n\t\t\t\t<div class=\"elementor-element elementor-element-31a0f5d elementor-align-center elementor-widget elementor-widget-ld_button\" data-id=\"31a0f5d\" data-element_type=\"widget\" data-e-type=\"widget\" data-widget_type=\"ld_button.default\">\n\t\t\t\t<div class=\"elementor-widget-container\">\n\t\t\t\t\t\n\t\t\t<a href=\"\/fr\/demo\/?bot=quizz_FR\" target=\"_blank\" class=\"elementor-button btn btn-solid btn-icon-shaped btn-has-label\">\n\t\t\t\t\t\t\t\t\t<span data-text=\"D\u00e9mo Chatbot Web\" class=\"btn-txt\">\n\t\t\t\t\t\tD\u00e9mo Chatbot Web\t\t\t\t\t<\/span>\n\t\t\t\t\t\t\t\t\t\t\t<\/a>\n\t\t\t\t\t\t\t<\/div>\n\t\t\t\t<\/div>\n\t\t\t\t<\/div>\n\t\t\t\t<\/div>\n\t\t\t\t<\/div>\n\t\t\t\t\t<\/div>\n\t\t\t\t<\/div>\n\t\t\t\t<\/div>\n\t\t","protected":false},"excerpt":{"rendered":"<p>Chatbots de d\u00e9monstration Ces exemples sont disponibles en tant que gabarits sur notre plateforme. Et pour vous simplifier encore mieux la t\u00e2che dans la cr\u00e9ation de votre chatbot, tous nos mod\u00e8les sont expliqu\u00e9s de mani\u00e8re interactive et comportent de nombreux commentaires. Collecte de leads Un chatbot formulaire qui vous envoie un email une fois le [&hellip;]<\/p>\n","protected":false},"author":1,"featured_media":0,"parent":0,"menu_order":0,"comment_status":"closed","ping_status":"closed","template":"","meta":{"_acf_changed":false,"footnotes":""},"class_list":["post-12839","page","type-page","status-publish","hentry"],"acf":[],"_links":{"self":[{"href":"https:\/\/botnation.ai\/fr\/wp-json\/wp\/v2\/pages\/12839","targetHints":{"allow":["GET"]}}],"collection":[{"href":"https:\/\/botnation.ai\/fr\/wp-json\/wp\/v2\/pages"}],"about":[{"href":"https:\/\/botnation.ai\/fr\/wp-json\/wp\/v2\/types\/page"}],"author":[{"embeddable":true,"href":"https:\/\/botnation.ai\/fr\/wp-json\/wp\/v2\/users\/1"}],"replies":[{"embeddable":true,"href":"https:\/\/botnation.ai\/fr\/wp-json\/wp\/v2\/comments?post=12839"}],"version-history":[{"count":0,"href":"https:\/\/botnation.ai\/fr\/wp-json\/wp\/v2\/pages\/12839\/revisions"}],"wp:attachment":[{"href":"https:\/\/botnation.ai\/fr\/wp-json\/wp\/v2\/media?parent=12839"}],"curies":[{"name":"wp","href":"https:\/\/api.w.org\/{rel}","templated":true}]}}