{"id":17090,"date":"2026-02-03T14:00:00","date_gmt":"2026-02-03T13:00:00","guid":{"rendered":"https:\/\/botnation.ai\/?page_id=17090"},"modified":"2026-03-09T19:28:25","modified_gmt":"2026-03-09T18:28:25","slug":"parrainage","status":"publish","type":"page","link":"https:\/\/botnation.ai\/fr\/parrainage\/","title":{"rendered":"Parrainage"},"content":{"rendered":"<div data-elementor-type=\"wp-page\" data-elementor-id=\"17090\" class=\"elementor elementor-17090\" data-elementor-post-type=\"page\">\n\t\t\t\t<div class=\"elementor-element elementor-element-1bd7dd3 e-flex e-con-boxed e-con e-parent\" data-id=\"1bd7dd3\" data-element_type=\"container\" data-e-type=\"container\" data-settings='{\"background_background\":\"classic\"}'>\n\t\t\t\t\t<div class=\"e-con-inner\">\n\t\t<div class=\"elementor-element elementor-element-36571f2 e-con-full e-flex e-con e-child\" data-id=\"36571f2\" data-element_type=\"container\" data-e-type=\"container\" data-settings='{\"background_background\":\"classic\",\"position\":\"absolute\",\"shape_divider_bottom\":\"curve\",\"shape_divider_bottom_negative\":\"yes\"}'>\n\t\t\t\t<div class=\"elementor-shape elementor-shape-bottom\" aria-hidden=\"true\" data-negative=\"true\">\n\t\t\t<svg xmlns=\"http:\/\/www.w3.org\/2000\/svg\" viewbox=\"0 0 1000 100\" preserveaspectratio=\"none\">\n\t<path class=\"elementor-shape-fill\" d=\"M500,97C126.7,96.3,0.8,19.8,0,0v100l1000,0V1C1000,19.4,873.3,97.8,500,97z\"><\/path>\n<\/svg>\t\t<\/div>\n\t\t\t\t<\/div>\n\t\t<div class=\"elementor-element elementor-element-38486dd3 e-con-full e-flex e-con e-child\" data-id=\"38486dd3\" data-element_type=\"container\" data-e-type=\"container\">\n\t\t\t\t<div class=\"elementor-element elementor-element-7eaa107b elementor-widget elementor-widget-hub_fancy_heading\" data-id=\"7eaa107b\" data-element_type=\"widget\" data-e-type=\"widget\" data-widget_type=\"hub_fancy_heading.default\">\n\t\t\t\t<div class=\"elementor-widget-container\">\n\t\t\t\t\t\n\t\t<div id=\"ld-fancy-heading-69d670270a3f9\" class=\"ld-fancy-heading pos-rel\">\n\t\t\t<h1 class=\"ld-fh-element d-inline-block pos-rel  elementor-heading-title lqd-highlight-classic lqd-highlight-grow-left h1\" data-inview=\"true\" data-transition-delay=\"true\" data-delay-options='{\"elements\":\".lqd-highlight-inner\",\"delayType\":\"transition\"}'> Le Parrainage Botnation\n<br>une strat\u00e9gie \n<mark class=\"lqd-highlight\"><span class=\"lqd-highlight-txt\">gagnant-gagnant !<\/span><span class=\"lqd-highlight-inner\"><\/span><\/mark><\/h1>\t\t<\/div>\n\n\t\t\t\t\t\t<\/div>\n\t\t\t\t<\/div>\n\t\t\t\t<div class=\"elementor-element elementor-element-36ff608d elementor-widget__width-initial elementor-widget elementor-widget-hub_fancy_heading\" data-id=\"36ff608d\" data-element_type=\"widget\" data-e-type=\"widget\" data-widget_type=\"hub_fancy_heading.default\">\n\t\t\t\t<div class=\"elementor-widget-container\">\n\t\t\t\t\t\n\t\t<div id=\"ld-fancy-heading-69d670270b376\" class=\"ld-fancy-heading pos-rel\">\n\t\t\t<p class=\"ld-fh-element d-inline-block pos-rel  lqd-highlight-classic lqd-highlight-grow-left p\"> Vous recommandez Botnation \u00e0 vos contacts, en \u00e9change Botnation vous r\u00e9compense financi\u00e8rement. Nous vous versons 25% du montant des abonnements souscrits par vos filleuls ainsi vous g\u00e9n\u00e9rez un revenu passif r\u00e9gulier compos\u00e9 de vos commissions, tout en profitant de la notori\u00e9t\u00e9 et de la qualit\u00e9 de service de Botnation.<\/p>\t\t<\/div>\n\n\t\t\t\t\t\t<\/div>\n\t\t\t\t<\/div>\n\t\t<div class=\"elementor-element elementor-element-e7afa6f e-con-full e-flex e-con e-child\" data-id=\"e7afa6f\" data-element_type=\"container\" data-e-type=\"container\">\n\t\t<div class=\"elementor-element elementor-element-290e66ae e-con-full e-flex e-con e-child\" data-id=\"290e66ae\" data-element_type=\"container\" data-e-type=\"container\">\n\t\t\t\t<div class=\"elementor-element elementor-element-2b59947f elementor-align-left elementor-widget elementor-widget-ld_icon_box\" data-id=\"2b59947f\" data-element_type=\"widget\" data-e-type=\"widget\" data-widget_type=\"ld_icon_box.default\">\n\t\t\t\t<div class=\"elementor-widget-container\">\n\t\t\t\t\t\n\t\t\t<div id=\"ld_icon_box_2b59947f\" class=\"iconbox d-flex flex-grow-1 pos-rel align-items-center iconbox-side\">\n\n\t\t\t\t\n\t\t\t\t<div class=\"iconbox-icon-wrap  \"><div class=\"iconbox-icon-container d-inline-flex   \"><svg xmlns=\"http:\/\/www.w3.org\/2000\/svg\" width=\"112\" height=\"112\" viewbox=\"0 0 112 112\" fill=\"none\"><circle cx=\"56\" cy=\"56\" r=\"55.5\" fill=\"#FAF8F2\" stroke=\"#FE716B\"><\/circle><path d=\"M57.3414 48.115C57.3414 47.005 57.4914 45.955 57.7914 44.965L57.2514 44.74C56.5914 45.88 55.7964 46.825 54.8664 47.575C53.8164 48.475 52.6314 49.24 51.3114 49.87C50.0214 50.47 48.8214 50.86 47.7114 51.04V46.045C49.8714 45.595 51.8064 44.68 53.5164 43.3C55.2564 41.89 56.5764 40.345 57.4764 38.665H62.6514V73H57.3414V48.115Z\" fill=\"#FE716B\"><\/path><\/svg><\/div><\/div>\n\t\t\t\t\n\t\t\t\t<div class=\"contents \">\n\t\t\t\t\n\t\t\t\t<h3 class=\"lqd-iconbox-heading \">Invitez vos contacts <\/h3>\t\t\t\t<p>Invitez vos contacts \u00e0 d\u00e9couvrir Botnation en leur communiquant votre lien unique de parrainage ou en utilisant notre outil ou nos banni\u00e8res.<\/p>\n\t\t\t\t\n\t\t\t\t<\/div>\n\t\t\t\t\n\t\t\t<\/div>\n\n\t\t\t\t\t\t<\/div>\n\t\t\t\t<\/div>\n\t\t\t\t<div class=\"elementor-element elementor-element-4f53ea33 elementor-align-left elementor-widget elementor-widget-ld_icon_box\" data-id=\"4f53ea33\" data-element_type=\"widget\" data-e-type=\"widget\" data-widget_type=\"ld_icon_box.default\">\n\t\t\t\t<div class=\"elementor-widget-container\">\n\t\t\t\t\t\n\t\t\t<div id=\"ld_icon_box_4f53ea33\" class=\"iconbox d-flex flex-grow-1 pos-rel align-items-center iconbox-side\">\n\n\t\t\t\t\n\t\t\t\t<div class=\"iconbox-icon-wrap  \"><div class=\"iconbox-icon-container d-inline-flex   \"><svg xmlns=\"http:\/\/www.w3.org\/2000\/svg\" width=\"112\" height=\"112\" viewbox=\"0 0 112 112\" fill=\"none\"><circle cx=\"56\" cy=\"56\" r=\"55.5\" fill=\"#FAF8F2\" stroke=\"#FE716B\"><\/circle><path d=\"M43.9521 73V68.68L54.7971 59.41C57.1071 57.46 58.8171 55.66 59.9271 54.01C61.0371 52.33 61.5921 50.56 61.5921 48.7C61.5921 46.87 61.0971 45.43 60.1071 44.38C59.1471 43.33 57.7221 42.805 55.8321 42.805C51.6021 42.805 49.3521 45.34 49.0821 50.41H43.9971C44.1471 46.57 45.2571 43.585 47.3271 41.455C49.3971 39.295 52.2321 38.215 55.8321 38.215C57.9621 38.215 59.8371 38.635 61.4571 39.475C63.1071 40.285 64.3821 41.455 65.2821 42.985C66.2121 44.485 66.6771 46.255 66.6771 48.295C66.6771 50.995 65.8971 53.515 64.3371 55.855C62.7771 58.195 60.7071 60.46 58.1271 62.65L53.6721 66.475C53.3121 66.805 52.9221 67.135 52.5021 67.465C52.0821 67.765 51.5571 68.11 50.9271 68.5L51.1971 69.04C51.9471 68.74 52.5621 68.53 53.0421 68.41C53.5221 68.29 54.0771 68.23 54.7071 68.23H68.2521V73H43.9521Z\" fill=\"#FE716B\"><\/path><\/svg><\/div><\/div>\n\t\t\t\t\n\t\t\t\t<div class=\"contents \">\n\t\t\t\t\n\t\t\t\t<h3 class=\"lqd-iconbox-heading \">Ils souscrivent \u00e0 Botnation <\/h3>\t\t\t\t<p>Vos contacts s'inscrivent et souscrivent une offre en ligne Botnation.<\/p>\n\t\t\t\t\n\t\t\t\t<\/div>\n\t\t\t\t\n\t\t\t<\/div>\n\n\t\t\t\t\t\t<\/div>\n\t\t\t\t<\/div>\n\t\t\t\t<div class=\"elementor-element elementor-element-3d12a5d7 elementor-align-left elementor-widget elementor-widget-ld_icon_box\" data-id=\"3d12a5d7\" data-element_type=\"widget\" data-e-type=\"widget\" data-widget_type=\"ld_icon_box.default\">\n\t\t\t\t<div class=\"elementor-widget-container\">\n\t\t\t\t\t\n\t\t\t<div id=\"ld_icon_box_3d12a5d7\" class=\"iconbox d-flex flex-grow-1 pos-rel align-items-center iconbox-side\">\n\n\t\t\t\t\n\t\t\t\t<div class=\"iconbox-icon-wrap  \"><div class=\"iconbox-icon-container d-inline-flex   \"><svg xmlns=\"http:\/\/www.w3.org\/2000\/svg\" width=\"112\" height=\"112\" viewbox=\"0 0 112 112\" fill=\"none\"><circle cx=\"56\" cy=\"56\" r=\"55.5\" fill=\"#FAF8F2\" stroke=\"#FE716B\"><\/circle><path d=\"M56.2895 73.495C53.7695 73.495 51.5645 73.045 49.6745 72.145C47.7845 71.245 46.2995 69.97 45.2195 68.32C44.1395 66.64 43.5395 64.675 43.4195 62.425H48.7295C49.1495 66.715 51.6995 68.86 56.3795 68.86C58.4195 68.86 60.0245 68.335 61.1945 67.285C62.3645 66.205 62.9495 64.735 62.9495 62.875C62.9495 60.895 62.2445 59.455 60.8345 58.555C59.4245 57.625 57.5345 57.16 55.1645 57.16H53.0495V52.66H54.9845C56.6945 52.66 58.1195 52.225 59.2595 51.355C60.4295 50.455 61.0145 49.18 61.0145 47.53C61.0145 46.09 60.5345 44.95 59.5745 44.11C58.6445 43.24 57.3695 42.805 55.7495 42.805C54.0095 42.805 52.5995 43.3 51.5195 44.29C50.4395 45.25 49.7945 46.705 49.5845 48.655H44.5445C44.6345 46.615 45.1745 44.8 46.1645 43.21C47.1545 41.62 48.4745 40.39 50.1245 39.52C51.8045 38.62 53.6495 38.17 55.6595 38.17C57.7595 38.17 59.6045 38.56 61.1945 39.34C62.8145 40.12 64.0595 41.215 64.9295 42.625C65.7995 44.005 66.2345 45.565 66.2345 47.305C66.2345 49.135 65.6795 50.71 64.5695 52.03C63.4895 53.32 62.0795 53.995 60.3395 54.055V54.775C62.7395 54.895 64.6595 55.705 66.0995 57.205C67.5695 58.675 68.3045 60.595 68.3045 62.965C68.3045 65.005 67.7795 66.835 66.7295 68.455C65.7095 70.045 64.2845 71.29 62.4545 72.19C60.6545 73.06 58.5995 73.495 56.2895 73.495Z\" fill=\"#FE716B\"><\/path><\/svg><\/div><\/div>\n\t\t\t\t\n\t\t\t\t<div class=\"contents \">\n\t\t\t\t\n\t\t\t\t<h3 class=\"lqd-iconbox-heading \">Recevez vos Commissions <\/h3>\t\t\t\t<p>Recevez chaque mois vos commissions en euros, 25% du montant des abonnements, directement par ch\u00e8que ou virement.<\/p>\n\t\t\t\t\n\t\t\t\t<\/div>\n\t\t\t\t\n\t\t\t<\/div>\n\n\t\t\t\t\t\t<\/div>\n\t\t\t\t<\/div>\n\t\t\t\t<div class=\"elementor-element elementor-element-8bacfb7 elementor-widget elementor-widget-ld_button\" data-id=\"8bacfb7\" data-element_type=\"widget\" data-e-type=\"widget\" data-widget_type=\"ld_button.default\">\n\t\t\t\t<div class=\"elementor-widget-container\">\n\t\t\t\t\t\n\t\t\t<a href=\"https:\/\/start.botnation.ai\/login?_gl=1*18k0qby*_gcl_au*MjQ5Nzg5OTU0LjE3NjcwOTk4ODI.\" class=\"elementor-button btn btn-solid btn-icon-shaped btn-has-label\">\n\t\t\t\t\t\t\t\t\t<span data-text=\"Inscrivez-vous\" class=\"btn-txt\">\n\t\t\t\t\t\tInscrivez-vous\t\t\t\t\t<\/span>\n\t\t\t\t\t\t\t\t\t\t\t<\/a>\n\t\t\t\t\t\t\t<\/div>\n\t\t\t\t<\/div>\n\t\t\t\t<\/div>\n\t\t<div data-custom-animations=\"true\" data-ca-options='{\"addChildTimelines\":false,\"trigger\":\"firstChild\",\"animationTarget\":\":scope  &gt; .elementor-element:not(.lqd-exclude-parent-ca) &gt; .elementor-widget-container, :scope  &gt; .elementor-widget-hub_fancy_heading .lqd-split-lines .lqd-lines .split-inner, :scope  &gt; .elementor-widget-hub_fancy_heading .lqd-split-words .lqd-words .split-inner, :scope  &gt; .elementor-widget-hub_fancy_heading .lqd-split-chars .lqd-chars .split-inner, :scope  &gt; .elementor-widget-hub_fancy_heading .lqd-adv-txt-fig, :scope  &gt; .elementor-widget-ld_custom_menu .lqd-fancy-menu &gt; ul &gt; li, :scope .e-con:not([data-parallax]) .elementor-element &gt; .elementor-widget-container, :scope .e-con:not([data-parallax]) .elementor-widget-hub_fancy_heading .lqd-split-lines .lqd-lines .split-inner, :scope .e-con:not([data-parallax]) .elementor-widget-hub_fancy_heading .lqd-split-words .lqd-words .split-inner, :scope .e-con:not([data-parallax]) .elementor-widget-hub_fancy_heading .lqd-split-chars .lqd-chars .split-inner, :scope .e-con:not([data-parallax]) .elementor-widget-ld_custom_menu .lqd-fancy-menu &gt; ul &gt; li\",\"ease\":[\"power4.out\"],\"initValues\":{\"x\":\"60px\",\"rotationY\":-60,\"transformOrigin\":\"50% 50% 120px\"},\"animations\":{\"x\":\"0px\",\"rotationY\":0,\"transformOrigin\":\"50% 50% 0px\"}}' class=\"elementor-element elementor-element-36122509 e-con-full e-flex e-con e-child\" data-id=\"36122509\" data-element_type=\"container\" data-e-type=\"container\">\n\t\t\t\t<div class=\"elementor-element elementor-element-508b921 elementor-widget elementor-widget-ld_fancy_image\" data-id=\"508b921\" data-element_type=\"widget\" data-e-type=\"widget\" data-widget_type=\"ld_fancy_image.default\">\n\t\t\t\t<div class=\"elementor-widget-container\">\n\t\t\t\t\t\n\t\t<div class=\"lqd-imggrp-single d-block pos-rel \">\n\t\t\t<div class=\"lqd-imggrp-img-container d-inline-flex pos-rel align-items-center justify-content-center \">\n\t\t\t\t\t\t\t\t<figure class=\"w-100 pos-rel\">\n\t\t\t\t\t<img fetchpriority=\"high\" decoding=\"async\" width=\"584\" height=\"824\" src=\"https:\/\/botnation.ai\/wp-content\/uploads\/2026\/02\/botnation-offre-parrainage.png.webp\" class=\"attachment-full size-full wp-image-18093\" alt=\"\" srcset=\"https:\/\/botnation.ai\/wp-content\/uploads\/2026\/02\/botnation-offre-parrainage.png.webp 584w, https:\/\/botnation.ai\/wp-content\/uploads\/2026\/02\/botnation-offre-parrainage-213x300.png.webp 213w, https:\/\/botnation.ai\/wp-content\/uploads\/2026\/02\/botnation-offre-parrainage.png-17x24.webp 17w, https:\/\/botnation.ai\/wp-content\/uploads\/2026\/02\/botnation-offre-parrainage.png-26x36.webp 26w, https:\/\/botnation.ai\/wp-content\/uploads\/2026\/02\/botnation-offre-parrainage.png-34x48.webp 34w\" sizes=\"(max-width: 584px) 100vw, 584px\">\t\t\t\t\t\t\t\t\t\t\t\t\t\t\t\t\t\t\t\t\t\t\t\t\t\t\t\t\t<\/figure>\n\t\t\t<\/div>\n\t\t<\/div>\n\n\t\t\t\t\t<\/div>\n\t\t\t\t<\/div>\n\t\t\t\t<\/div>\n\t\t\t\t<\/div>\n\t\t\t\t<\/div>\n\t\t\t\t\t<\/div>\n\t\t\t\t<\/div>\n\t\t<div class=\"elementor-element elementor-element-273b4b67 e-flex e-con-boxed e-con e-parent\" data-id=\"273b4b67\" data-element_type=\"container\" data-e-type=\"container\" data-settings='{\"background_background\":\"classic\"}'>\n\t\t\t\t\t<div class=\"e-con-inner\">\n\t\t\t\t<div class=\"elementor-element elementor-element-1fc56ac elementor-widget__width-initial elementor-widget elementor-widget-hub_fancy_heading\" data-id=\"1fc56ac\" data-element_type=\"widget\" data-e-type=\"widget\" data-widget_type=\"hub_fancy_heading.default\">\n\t\t\t\t<div class=\"elementor-widget-container\">\n\t\t\t\t\t\n\t\t<div id=\"ld-fancy-heading-69d670271763f\" class=\"ld-fancy-heading pos-rel\">\n\t\t\t<p class=\"ld-fh-element d-inline-block pos-rel  lqd-highlight-classic lqd-highlight-grow-left p\"> Vous pouvez partager votre lien de parrainage par email, sur les r\u00e9seaux sociaux, sur votre blog ou votre site web, dans des forums et m\u00eame hors ligne.\n\nTout est automatis\u00e9, chaque mois vos prospects abonn\u00e9s \u00e0 Botnation vous g\u00e9n\u00e8rent vos commissions.\n\nVous recevez 25% de Commission A VIE sur les montants des abonnements de vos filleuls tant qu'ils utilisent Botnation.\n\nVos paiements sont envoy\u00e9s tous les mois.<\/p>\t\t<\/div>\n\n\t\t\t\t\t\t<\/div>\n\t\t\t\t<\/div>\n\t\t<div class=\"elementor-element elementor-element-25c6b37 e-con-full e-flex e-con e-child\" data-id=\"25c6b37\" data-element_type=\"container\" data-e-type=\"container\" data-settings='{\"background_background\":\"classic\"}'>\n\t\t\t\t<div class=\"elementor-element elementor-element-c3f4644 elementor-widget elementor-widget-heading\" data-id=\"c3f4644\" data-element_type=\"widget\" data-e-type=\"widget\" data-widget_type=\"heading.default\">\n\t\t\t\t\t<h3 class=\"elementor-heading-title elementor-size-default\">Plus vous avez de filleuls, plus vos revenus mensuels augmentent...<br> ...sans limite !<\/h3>\t\t\t\t<\/div>\n\t\t\t\t<div class=\"elementor-element elementor-element-89c08b0 elementor-widget elementor-widget-html\" data-id=\"89c08b0\" data-element_type=\"widget\" data-e-type=\"widget\" data-widget_type=\"html.default\">\n\t\t\t\t\t<div style=\"text-align:center;font-size:1.1rem\"><span>Exemple : <\/span>\n<select id=\"usersCount\"> <option value=\"1\">1 utilisateur<\/option><option value=\"2\">2 utilisateurs<\/option><option value=\"3\" selected>3 utilisateurs<\/option><option value=\"4\">4 utilisateurs<\/option><option value=\"5\">5 utilisateurs<\/option><option value=\"6\">6 utilisateurs<\/option><option value=\"7\">7 utilisateurs<\/option><option value=\"8\">8 utilisateurs<\/option><option value=\"9\">9 utilisateurs<\/option><option value=\"10\">10 utilisateurs<\/option><option value=\"15\">15 utilisateurs<\/option><option value=\"20\">20 utilisateurs<\/option><option value=\"30\">30 utilisateurs<\/option><option value=\"40\">40 utilisateurs<\/option><option value=\"50\">50 utilisateurs<\/option><\/select><span id=\"subcribeText\"> qui souscrivent \u00e0 une offre <\/span><select id=\"plans\" style=\"font-weight: bold;\"><option value=\"39\">Basic<\/option><option value=\"59\">Pro<\/option><\/select><span>   <\/span><span> pour <\/span><select id=\"monthsCount\"><option value=\"1\">1 mois<\/option><option value=\"2\">2 mois<\/option><option value=\"3\">3 mois<\/option><option value=\"4\">4 mois<\/option><option value=\"5\">5 mois<\/option><option value=\"6\">6 mois<\/option><option value=\"7\">7 mois<\/option><option value=\"8\">8 mois<\/option><option value=\"9\">9 mois<\/option><option value=\"10\">10 mois<\/option><option value=\"11\">11 mois<\/option><option value=\"12\" selected>12 mois<\/option><option value=\"18\">18 mois<\/option><option value=\"36\">36 mois<\/option><option value=\"48\">48 mois<\/option><\/select><span>\n<br>vous gagnez : <\/span><strong><span id=\"totalAmount\">441<\/span><span>\u20ac <\/span><\/strong>\n<\/div>\n<script>\ndocument.addEventListener('DOMContentLoaded', function() {\n    var planAmount = 49;\n    var usersCount = 3;\n    var monthsCount = 12;\n\n    var totalAmount = calculate();\n\n    function calculate() {\n        var result = planAmount * 25 \/ 100;\n        result = Math.round(result * 100) \/ 100;\n        result = result * usersCount * monthsCount;\n        result = Math.round(result * 100) \/ 100;\n\n        jQuery(\"#totalAmount\").text(result);\n\n        return result;\n    }\n\n\n    jQuery('#usersCount').on('change', function () {\n        usersCount = this.value;\n\n        jQuery('#subcribeText').text(usersCount > 1 ? \" qui souscrivent &agrave; une offre \" : \" qui souscrit &agrave; une offre \")\n\n        calculate();\n    });\n\n    jQuery('#monthsCount').on('change', function () {\n        monthsCount = this.value;\n        calculate();\n    });\n\n    jQuery('#plans').on('change', function () {\n        planAmount = this.value;\n        calculate();\n    });\n\n});\n<\/script>\t\t\t\t<\/div>\n\t\t\t\t<\/div>\n\t\t\t\t<div class=\"elementor-element elementor-element-f933e42 elementor-widget elementor-widget-ld_button\" data-id=\"f933e42\" data-element_type=\"widget\" data-e-type=\"widget\" data-widget_type=\"ld_button.default\">\n\t\t\t\t<div class=\"elementor-widget-container\">\n\t\t\t\t\t\n\t\t\t<a href=\"https:\/\/start.botnation.ai\/login?_gl=1*18k0qby*_gcl_au*MjQ5Nzg5OTU0LjE3NjcwOTk4ODI.\" class=\"elementor-button btn btn-solid btn-icon-shaped btn-has-label\">\n\t\t\t\t\t\t\t\t\t<span data-text=\"Inscrivez-vous\" class=\"btn-txt\">\n\t\t\t\t\t\tInscrivez-vous\t\t\t\t\t<\/span>\n\t\t\t\t\t\t\t\t\t\t\t<\/a>\n\t\t\t\t\t\t\t<\/div>\n\t\t\t\t<\/div>\n\t\t\t\t\t<\/div>\n\t\t\t\t<\/div>\n\t\t\t\t<\/div>\n\t\t","protected":false},"excerpt":{"rendered":"<p>Le Parrainage Botnation une strat\u00e9gie gagnant-gagnant ! Vous recommandez Botnation \u00e0 vos contacts, en \u00e9change Botnation vous r\u00e9compense financi\u00e8rement. Nous vous versons 25% du montant des abonnements souscrits par vos filleuls ainsi vous g\u00e9n\u00e9rez un revenu passif r\u00e9gulier compos\u00e9 de vos commissions, tout en profitant de la notori\u00e9t\u00e9 et de la qualit\u00e9 de service de [&hellip;]<\/p>\n","protected":false},"author":1,"featured_media":0,"parent":0,"menu_order":0,"comment_status":"closed","ping_status":"closed","template":"redux-templates_contained","meta":{"_acf_changed":false,"footnotes":""},"class_list":["post-17090","page","type-page","status-publish","hentry"],"acf":[],"_links":{"self":[{"href":"https:\/\/botnation.ai\/fr\/wp-json\/wp\/v2\/pages\/17090","targetHints":{"allow":["GET"]}}],"collection":[{"href":"https:\/\/botnation.ai\/fr\/wp-json\/wp\/v2\/pages"}],"about":[{"href":"https:\/\/botnation.ai\/fr\/wp-json\/wp\/v2\/types\/page"}],"author":[{"embeddable":true,"href":"https:\/\/botnation.ai\/fr\/wp-json\/wp\/v2\/users\/1"}],"replies":[{"embeddable":true,"href":"https:\/\/botnation.ai\/fr\/wp-json\/wp\/v2\/comments?post=17090"}],"version-history":[{"count":0,"href":"https:\/\/botnation.ai\/fr\/wp-json\/wp\/v2\/pages\/17090\/revisions"}],"wp:attachment":[{"href":"https:\/\/botnation.ai\/fr\/wp-json\/wp\/v2\/media?parent=17090"}],"curies":[{"name":"wp","href":"https:\/\/api.w.org\/{rel}","templated":true}]}}