{"id":18009,"date":"2026-02-04T10:06:51","date_gmt":"2026-02-04T09:06:51","guid":{"rendered":"https:\/\/botnation.ai\/?page_id=18009"},"modified":"2026-03-11T16:56:36","modified_gmt":"2026-03-11T15:56:36","slug":"demo","status":"publish","type":"page","link":"https:\/\/botnation.ai\/fr\/demo\/","title":{"rendered":"D\u00e9mo"},"content":{"rendered":"<div data-elementor-type=\"wp-page\" data-elementor-id=\"18009\" class=\"elementor elementor-18009\" data-elementor-post-type=\"page\">\n\t\t\t\t<div class=\"elementor-element elementor-element-1bd7dd3 e-flex e-con-boxed e-con e-parent\" data-id=\"1bd7dd3\" data-element_type=\"container\" data-e-type=\"container\" id=\"demo-template\" data-settings='{\"background_background\":\"classic\"}'>\n\t\t\t\t\t<div class=\"e-con-inner\">\n\t\t<div class=\"elementor-element elementor-element-56eb0f8 e-con-full e-flex e-con e-child\" data-id=\"56eb0f8\" data-element_type=\"container\" data-e-type=\"container\" data-settings='{\"background_background\":\"classic\",\"position\":\"absolute\",\"shape_divider_bottom\":\"curve\",\"shape_divider_bottom_negative\":\"yes\"}'>\n\t\t\t\t<div class=\"elementor-shape elementor-shape-bottom\" aria-hidden=\"true\" data-negative=\"true\">\n\t\t\t<svg xmlns=\"http:\/\/www.w3.org\/2000\/svg\" viewbox=\"0 0 1000 100\" preserveaspectratio=\"none\">\n\t<path class=\"elementor-shape-fill\" d=\"M500,97C126.7,96.3,0.8,19.8,0,0v100l1000,0V1C1000,19.4,873.3,97.8,500,97z\"><\/path>\n<\/svg>\t\t<\/div>\n\t\t\t\t<\/div>\n\t\t<div class=\"elementor-element elementor-element-94f576f e-con-full e-flex e-con e-child\" data-id=\"94f576f\" data-element_type=\"container\" data-e-type=\"container\">\n\t\t\t\t<div class=\"elementor-element elementor-element-29b4352 elementor-widget elementor-widget-hub_fancy_heading\" data-id=\"29b4352\" data-element_type=\"widget\" data-e-type=\"widget\" data-widget_type=\"hub_fancy_heading.default\">\n\t\t\t\t<div class=\"elementor-widget-container\">\n\t\t\t\t\t\n\t\t<div id=\"ld-fancy-heading-69f2252f290ca\" class=\"ld-fancy-heading pos-rel\">\n\t\t\t<h1 class=\"ld-fh-element d-inline-block pos-rel  elementor-heading-title lqd-highlight-classic lqd-highlight-grow-left h1\"> Chatbot de d\u00e9monstration<\/h1>\t\t<\/div>\n\n\t\t\t\t\t\t<\/div>\n\t\t\t\t<\/div>\n\t\t\t\t<div class=\"elementor-element elementor-element-105c77f elementor-widget__width-initial elementor-widget elementor-widget-hub_fancy_heading\" data-id=\"105c77f\" data-element_type=\"widget\" data-e-type=\"widget\" data-widget_type=\"hub_fancy_heading.default\">\n\t\t\t\t<div class=\"elementor-widget-container\">\n\t\t\t\t\t\n\t\t<div id=\"ld-fancy-heading-69f2252f2995a\" class=\"ld-fancy-heading pos-rel\">\n\t\t\t<h2 class=\"ld-fh-element d-inline-block pos-rel  elementor-heading-title lqd-highlight-classic lqd-highlight-grow-left h2\"> Utilisez le chatbot (en bas \u00e0 droite de l'\u00e9cran) pour tester en live.<\/h2>\t\t<\/div>\n\n\t\t\t\t\t\t<\/div>\n\t\t\t\t<\/div>\n\t\t\t\t<\/div>\n\t\t\t\t\t<\/div>\n\t\t\t\t<\/div>\n\t\t\t\t<\/div>\n\t\t","protected":false},"excerpt":{"rendered":"<p>Chatbot de d\u00e9monstration Utilisez le chatbot (en bas \u00e0 droite de l&rsquo;\u00e9cran) pour tester en live.<\/p>\n","protected":false},"author":1,"featured_media":0,"parent":0,"menu_order":0,"comment_status":"closed","ping_status":"closed","template":"","meta":{"_acf_changed":false,"footnotes":""},"class_list":["post-18009","page","type-page","status-publish","hentry"],"acf":[],"_links":{"self":[{"href":"https:\/\/botnation.ai\/fr\/wp-json\/wp\/v2\/pages\/18009","targetHints":{"allow":["GET"]}}],"collection":[{"href":"https:\/\/botnation.ai\/fr\/wp-json\/wp\/v2\/pages"}],"about":[{"href":"https:\/\/botnation.ai\/fr\/wp-json\/wp\/v2\/types\/page"}],"author":[{"embeddable":true,"href":"https:\/\/botnation.ai\/fr\/wp-json\/wp\/v2\/users\/1"}],"replies":[{"embeddable":true,"href":"https:\/\/botnation.ai\/fr\/wp-json\/wp\/v2\/comments?post=18009"}],"version-history":[{"count":0,"href":"https:\/\/botnation.ai\/fr\/wp-json\/wp\/v2\/pages\/18009\/revisions"}],"wp:attachment":[{"href":"https:\/\/botnation.ai\/fr\/wp-json\/wp\/v2\/media?parent=18009"}],"curies":[{"name":"wp","href":"https:\/\/api.w.org\/{rel}","templated":true}]}}